{"id":13209,"date":"2021-04-28T14:10:22","date_gmt":"2021-04-28T12:10:22","guid":{"rendered":"https:\/\/acieloabierto.net\/producten\/brustor-b150xl\/"},"modified":"2021-04-28T14:10:22","modified_gmt":"2021-04-28T12:10:22","slug":"brustor-b150xl","status":"publish","type":"product","link":"https:\/\/acieloabierto.net\/de\/produkte\/brustor-b150xl\/","title":{"rendered":"B150XL"},"content":{"rendered":"<p><span style=\"font-weight: 400;\">Mit der Terrassen\u00fcberdachung B150 XL steigen Sie direkt in die Welt des Lebens im Freien ein. Mit der motorisierten B150 XL verf\u00fcgen Sie \u00fcber verschiedene Optionen wie LED-Beleuchtung, oberfl\u00e4chenmontierte Bildschirme, Heizung, Audio und einen Regen-\/Schneesensor. Diese Version l\u00e4sst sich vollst\u00e4ndig mit der Somfy-Fernbedienung oder \u00fcber Ihr Smartphone steuern.<\/span><\/p>\n","protected":false},"excerpt":{"rendered":"<p>Mit der Terrassen\u00fcberdachung B150 XL steigen Sie direkt in die Welt des Lebens im Freien ein. Mit der motorisierten B150 XL verf\u00fcgen Sie \u00fcber verschiedene Optionen wie LED-Beleuchtung, oberfl\u00e4chenmontierte Bildschirme, Heizung, Audio und einen Regen-\/Schneesensor. Diese Version l\u00e4sst sich vollst\u00e4ndig mit der Somfy-Fernbedienung oder \u00fcber Ihr Smartphone steuern.<\/p>\n","protected":false},"featured_media":13211,"comment_status":"closed","ping_status":"closed","template":"","meta":{"wds_primary_pwb-brand":0,"wds_primary_product_cat":0},"brands":[{"id":656,"name":"Brustor","slug":"brustor-de"}],"yoast_head":"<!-- This site is optimized with the Yoast SEO plugin v16.3 - https:\/\/yoast.com\/wordpress\/plugins\/seo\/ -->\n<title>B150XL - Acielo Abierto<\/title>\n<meta name=\"robots\" content=\"index, follow, max-snippet:-1, max-image-preview:large, max-video-preview:-1\" \/>\n<link rel=\"canonical\" href=\"https:\/\/acieloabierto.net\/de\/produkte\/brustor-b150xl\/\" \/>\n<meta property=\"og:locale\" content=\"de_DE\" \/>\n<meta property=\"og:type\" content=\"article\" \/>\n<meta property=\"og:title\" content=\"B150XL - Acielo Abierto\" \/>\n<meta property=\"og:description\" content=\"Mit der Terrassen\u00fcberdachung B150 XL steigen Sie direkt in die Welt des Lebens im Freien ein. Mit der motorisierten B150 XL verf\u00fcgen Sie \u00fcber verschiedene Optionen wie LED-Beleuchtung, oberfl\u00e4chenmontierte Bildschirme, Heizung, Audio und einen Regen-\/Schneesensor. Diese Version l\u00e4sst sich vollst\u00e4ndig mit der Somfy-Fernbedienung oder \u00fcber Ihr Smartphone steuern.\" \/>\n<meta property=\"og:url\" content=\"https:\/\/acieloabierto.net\/de\/produkte\/brustor-b150xl\/\" \/>\n<meta property=\"og:site_name\" content=\"Acielo Abierto\" \/>\n<meta property=\"og:image\" content=\"https:\/\/acieloabierto.net\/wp-content\/uploads\/2021\/04\/Brustor-B150XL-1.jpg\" \/>\n\t<meta property=\"og:image:width\" content=\"1920\" \/>\n\t<meta property=\"og:image:height\" content=\"1300\" \/>\n<meta name=\"twitter:card\" content=\"summary_large_image\" \/>\n<script type=\"application\/ld+json\" class=\"yoast-schema-graph\">{\"@context\":\"https:\/\/schema.org\",\"@graph\":[{\"@type\":\"Organization\",\"@id\":\"https:\/\/acieloabierto.net\/en\/#organization\",\"name\":\"A Cielo Abierto\",\"url\":\"https:\/\/acieloabierto.net\/en\/\",\"sameAs\":[],\"logo\":{\"@type\":\"ImageObject\",\"@id\":\"https:\/\/acieloabierto.net\/en\/#logo\",\"inLanguage\":\"de\",\"url\":\"https:\/\/acieloabierto.net\/wp-content\/uploads\/2021\/02\/logo.svg\",\"contentUrl\":\"https:\/\/acieloabierto.net\/wp-content\/uploads\/2021\/02\/logo.svg\",\"caption\":\"A Cielo Abierto\"},\"image\":{\"@id\":\"https:\/\/acieloabierto.net\/en\/#logo\"}},{\"@type\":\"WebSite\",\"@id\":\"https:\/\/acieloabierto.net\/en\/#website\",\"url\":\"https:\/\/acieloabierto.net\/en\/\",\"name\":\"Acielo Abierto\",\"description\":\"Tuinmeubels Costa Blanca\",\"publisher\":{\"@id\":\"https:\/\/acieloabierto.net\/en\/#organization\"},\"potentialAction\":[{\"@type\":\"SearchAction\",\"target\":\"https:\/\/acieloabierto.net\/en\/?s={search_term_string}\",\"query-input\":\"required name=search_term_string\"}],\"inLanguage\":\"de\"},{\"@type\":\"ImageObject\",\"@id\":\"https:\/\/acieloabierto.net\/de\/produkte\/brustor-b150xl\/#primaryimage\",\"inLanguage\":\"de\",\"url\":\"https:\/\/acieloabierto.net\/wp-content\/uploads\/2021\/04\/Brustor-B150XL-1.jpg\",\"contentUrl\":\"https:\/\/acieloabierto.net\/wp-content\/uploads\/2021\/04\/Brustor-B150XL-1.jpg\",\"width\":1920,\"height\":1300,\"caption\":\"Brustor B150XL terrasoverkapping\"},{\"@type\":\"WebPage\",\"@id\":\"https:\/\/acieloabierto.net\/de\/produkte\/brustor-b150xl\/#webpage\",\"url\":\"https:\/\/acieloabierto.net\/de\/produkte\/brustor-b150xl\/\",\"name\":\"B150XL - Acielo Abierto\",\"isPartOf\":{\"@id\":\"https:\/\/acieloabierto.net\/en\/#website\"},\"primaryImageOfPage\":{\"@id\":\"https:\/\/acieloabierto.net\/de\/produkte\/brustor-b150xl\/#primaryimage\"},\"datePublished\":\"2021-04-28T12:10:22+00:00\",\"dateModified\":\"2021-04-28T12:10:22+00:00\",\"breadcrumb\":{\"@id\":\"https:\/\/acieloabierto.net\/de\/produkte\/brustor-b150xl\/#breadcrumb\"},\"inLanguage\":\"de\",\"potentialAction\":[{\"@type\":\"ReadAction\",\"target\":[\"https:\/\/acieloabierto.net\/de\/produkte\/brustor-b150xl\/\"]}]},{\"@type\":\"BreadcrumbList\",\"@id\":\"https:\/\/acieloabierto.net\/de\/produkte\/brustor-b150xl\/#breadcrumb\",\"itemListElement\":[{\"@type\":\"ListItem\",\"position\":1,\"item\":{\"@type\":\"WebPage\",\"@id\":\"https:\/\/acieloabierto.net\/\",\"url\":\"https:\/\/acieloabierto.net\/\",\"name\":\"Home\"}},{\"@type\":\"ListItem\",\"position\":2,\"item\":{\"@type\":\"WebPage\",\"@id\":\"\",\"url\":\"\",\"name\":\"\"}},{\"@type\":\"ListItem\",\"position\":3,\"item\":{\"@id\":\"https:\/\/acieloabierto.net\/de\/produkte\/brustor-b150xl\/#webpage\"}}]}]}<\/script>\n<!-- \/ Yoast SEO plugin. -->","_links":{"self":[{"href":"https:\/\/acieloabierto.net\/de\/wp-json\/wp\/v2\/product\/13209"}],"collection":[{"href":"https:\/\/acieloabierto.net\/de\/wp-json\/wp\/v2\/product"}],"about":[{"href":"https:\/\/acieloabierto.net\/de\/wp-json\/wp\/v2\/types\/product"}],"replies":[{"embeddable":true,"href":"https:\/\/acieloabierto.net\/de\/wp-json\/wp\/v2\/comments?post=13209"}],"wp:featuredmedia":[{"embeddable":true,"href":"https:\/\/acieloabierto.net\/de\/wp-json\/wp\/v2\/media\/13211"}],"wp:attachment":[{"href":"https:\/\/acieloabierto.net\/de\/wp-json\/wp\/v2\/media?parent=13209"}],"curies":[{"name":"wp","href":"https:\/\/api.w.org\/{rel}","templated":true}]}}