{"id":13201,"date":"2021-03-03T16:05:38","date_gmt":"2021-03-03T15:05:38","guid":{"rendered":"https:\/\/acieloabierto.net\/producten\/samos\/"},"modified":"2021-03-03T16:05:38","modified_gmt":"2021-03-03T15:05:38","slug":"samos","status":"publish","type":"product","link":"https:\/\/acieloabierto.net\/de\/produkte\/samos\/","title":{"rendered":"Samos"},"content":{"rendered":"<p><span style=\"font-weight: 400;\">Die Samos-Kollektion von Borek, entworfen von Marcel Wolterinck, hat einen schlichten, modernen Look. Die aus pulverbeschichtetem Aluminium in Wei\u00df und\/oder Anthrazit gefertigten M\u00f6bel sind mit dem Borek Multi Cleaner leicht zu reinigen und k\u00f6nnen getrost die ganze Saison \u00fcber drau\u00dfen bleiben. Die Samos-Kollektion ist sehr umfangreich und das zeitlose und schlichte Design dieser M\u00f6bel schafft eine einzigartige Atmosph\u00e4re auf der Terrasse. Die Samos-Produkte k\u00f6nnen mit verschiedenen (niedrigen) Tischen aus der Borek-Kollektion kombiniert werden. F\u00fcr noch mehr Sitzkomfort sind Sunbrella-Kissen und f\u00fcr die Lounge-Produkte Allwetter-Kissen erh\u00e4ltlich.<\/span><\/p>\n","protected":false},"excerpt":{"rendered":"<p>Die Samos-Kollektion von Borek, entworfen von Marcel Wolterinck, hat einen schlichten, modernen Look. Die aus pulverbeschichtetem Aluminium in Wei\u00df und\/oder Anthrazit gefertigten M\u00f6bel sind mit dem Borek Multi Cleaner leicht zu reinigen und k\u00f6nnen getrost die ganze Saison \u00fcber drau\u00dfen bleiben. Die Samos-Kollektion ist sehr umfangreich und das zeitlose und schlichte Design dieser M\u00f6bel schafft [&hellip;]<\/p>\n","protected":false},"featured_media":13202,"comment_status":"closed","ping_status":"closed","template":"","meta":{"wds_primary_pwb-brand":0,"wds_primary_product_cat":0},"brands":[{"id":654,"name":"Borek","slug":"borek-de"}],"yoast_head":"<!-- This site is optimized with the Yoast SEO plugin v16.3 - https:\/\/yoast.com\/wordpress\/plugins\/seo\/ -->\n<title>Samos - Acielo Abierto<\/title>\n<meta name=\"robots\" content=\"index, follow, max-snippet:-1, max-image-preview:large, max-video-preview:-1\" \/>\n<link rel=\"canonical\" href=\"https:\/\/acieloabierto.net\/de\/produkte\/samos\/\" \/>\n<meta property=\"og:locale\" content=\"de_DE\" \/>\n<meta property=\"og:type\" content=\"article\" \/>\n<meta property=\"og:title\" content=\"Samos - Acielo Abierto\" \/>\n<meta property=\"og:description\" content=\"Die Samos-Kollektion von Borek, entworfen von Marcel Wolterinck, hat einen schlichten, modernen Look. Die aus pulverbeschichtetem Aluminium in Wei\u00df und\/oder Anthrazit gefertigten M\u00f6bel sind mit dem Borek Multi Cleaner leicht zu reinigen und k\u00f6nnen getrost die ganze Saison \u00fcber drau\u00dfen bleiben. Die Samos-Kollektion ist sehr umfangreich und das zeitlose und schlichte Design dieser M\u00f6bel schafft [&hellip;]\" \/>\n<meta property=\"og:url\" content=\"https:\/\/acieloabierto.net\/de\/produkte\/samos\/\" \/>\n<meta property=\"og:site_name\" content=\"Acielo Abierto\" \/>\n<meta property=\"og:image\" content=\"https:\/\/acieloabierto.net\/wp-content\/uploads\/2021\/03\/samos-borek-tafel1-scaled.jpg\" \/>\n\t<meta property=\"og:image:width\" content=\"2560\" \/>\n\t<meta property=\"og:image:height\" content=\"1700\" \/>\n<meta name=\"twitter:card\" content=\"summary_large_image\" \/>\n<script type=\"application\/ld+json\" class=\"yoast-schema-graph\">{\"@context\":\"https:\/\/schema.org\",\"@graph\":[{\"@type\":\"Organization\",\"@id\":\"https:\/\/acieloabierto.net\/en\/#organization\",\"name\":\"A Cielo Abierto\",\"url\":\"https:\/\/acieloabierto.net\/en\/\",\"sameAs\":[],\"logo\":{\"@type\":\"ImageObject\",\"@id\":\"https:\/\/acieloabierto.net\/en\/#logo\",\"inLanguage\":\"de\",\"url\":\"https:\/\/acieloabierto.net\/wp-content\/uploads\/2021\/02\/logo.svg\",\"contentUrl\":\"https:\/\/acieloabierto.net\/wp-content\/uploads\/2021\/02\/logo.svg\",\"caption\":\"A Cielo Abierto\"},\"image\":{\"@id\":\"https:\/\/acieloabierto.net\/en\/#logo\"}},{\"@type\":\"WebSite\",\"@id\":\"https:\/\/acieloabierto.net\/en\/#website\",\"url\":\"https:\/\/acieloabierto.net\/en\/\",\"name\":\"Acielo Abierto\",\"description\":\"Tuinmeubels Costa Blanca\",\"publisher\":{\"@id\":\"https:\/\/acieloabierto.net\/en\/#organization\"},\"potentialAction\":[{\"@type\":\"SearchAction\",\"target\":\"https:\/\/acieloabierto.net\/en\/?s={search_term_string}\",\"query-input\":\"required name=search_term_string\"}],\"inLanguage\":\"de\"},{\"@type\":\"ImageObject\",\"@id\":\"https:\/\/acieloabierto.net\/de\/produkte\/samos\/#primaryimage\",\"inLanguage\":\"de\",\"url\":\"https:\/\/acieloabierto.net\/wp-content\/uploads\/2021\/03\/samos-borek-tafel1-scaled.jpg\",\"contentUrl\":\"https:\/\/acieloabierto.net\/wp-content\/uploads\/2021\/03\/samos-borek-tafel1-scaled.jpg\",\"width\":2560,\"height\":1700},{\"@type\":\"WebPage\",\"@id\":\"https:\/\/acieloabierto.net\/de\/produkte\/samos\/#webpage\",\"url\":\"https:\/\/acieloabierto.net\/de\/produkte\/samos\/\",\"name\":\"Samos - Acielo Abierto\",\"isPartOf\":{\"@id\":\"https:\/\/acieloabierto.net\/en\/#website\"},\"primaryImageOfPage\":{\"@id\":\"https:\/\/acieloabierto.net\/de\/produkte\/samos\/#primaryimage\"},\"datePublished\":\"2021-03-03T15:05:38+00:00\",\"dateModified\":\"2021-03-03T15:05:38+00:00\",\"breadcrumb\":{\"@id\":\"https:\/\/acieloabierto.net\/de\/produkte\/samos\/#breadcrumb\"},\"inLanguage\":\"de\",\"potentialAction\":[{\"@type\":\"ReadAction\",\"target\":[\"https:\/\/acieloabierto.net\/de\/produkte\/samos\/\"]}]},{\"@type\":\"BreadcrumbList\",\"@id\":\"https:\/\/acieloabierto.net\/de\/produkte\/samos\/#breadcrumb\",\"itemListElement\":[{\"@type\":\"ListItem\",\"position\":1,\"item\":{\"@type\":\"WebPage\",\"@id\":\"https:\/\/acieloabierto.net\/\",\"url\":\"https:\/\/acieloabierto.net\/\",\"name\":\"Home\"}},{\"@type\":\"ListItem\",\"position\":2,\"item\":{\"@type\":\"WebPage\",\"@id\":\"\",\"url\":\"\",\"name\":\"\"}},{\"@type\":\"ListItem\",\"position\":3,\"item\":{\"@id\":\"https:\/\/acieloabierto.net\/de\/produkte\/samos\/#webpage\"}}]}]}<\/script>\n<!-- \/ Yoast SEO plugin. -->","_links":{"self":[{"href":"https:\/\/acieloabierto.net\/de\/wp-json\/wp\/v2\/product\/13201"}],"collection":[{"href":"https:\/\/acieloabierto.net\/de\/wp-json\/wp\/v2\/product"}],"about":[{"href":"https:\/\/acieloabierto.net\/de\/wp-json\/wp\/v2\/types\/product"}],"replies":[{"embeddable":true,"href":"https:\/\/acieloabierto.net\/de\/wp-json\/wp\/v2\/comments?post=13201"}],"wp:featuredmedia":[{"embeddable":true,"href":"https:\/\/acieloabierto.net\/de\/wp-json\/wp\/v2\/media\/13202"}],"wp:attachment":[{"href":"https:\/\/acieloabierto.net\/de\/wp-json\/wp\/v2\/media?parent=13201"}],"curies":[{"name":"wp","href":"https:\/\/api.w.org\/{rel}","templated":true}]}}