{"id":13179,"date":"2021-03-03T15:58:01","date_gmt":"2021-03-03T14:58:01","guid":{"rendered":"https:\/\/acieloabierto.net\/producten\/murcia\/"},"modified":"2021-03-03T15:58:01","modified_gmt":"2021-03-03T14:58:01","slug":"murcia","status":"publish","type":"product","link":"https:\/\/acieloabierto.net\/de\/produkte\/murcia\/","title":{"rendered":"Murcia"},"content":{"rendered":"<p><span style=\"font-weight: 400;\">Design-Ikone Marcel Wolterinck ist mit seiner Murcia-Kollektion f\u00fcr Borek in seinem Element. Dass der kreative Allrounder auch vor gro\u00dfen XL-Ma\u00dfen nicht zur\u00fcckschreckt, zeigt sich in dieser neuen Generation von Sitzelementen mit gro\u00dfformatigen Sitzpolstern. Die Module in Wei\u00df oder Anthrazit lassen sich beliebig zu einem bequemen Sofa oder einer Eckbank kombinieren. Die Module sind aus pulverbeschichtetem Aluminium gefertigt und lassen sich mit dem Borek Multi Cleaner leicht reinigen. Die Murcia-Kollektion zeichnet sich durch ein schlichtes Design, bequeme Sitz- und R\u00fcckenkissen aus und sorgt f\u00fcr eine einzigartige Atmosph\u00e4re auf der Terrasse. Diese Kollektion kann mit verschiedenen niedrigen und Beistelltischen aus der Borek-Kollektion kombiniert werden.<\/span><\/p>\n","protected":false},"excerpt":{"rendered":"<p>Design-Ikone Marcel Wolterinck ist mit seiner Murcia-Kollektion f\u00fcr Borek in seinem Element. Dass der kreative Allrounder auch vor gro\u00dfen XL-Ma\u00dfen nicht zur\u00fcckschreckt, zeigt sich in dieser neuen Generation von Sitzelementen mit gro\u00dfformatigen Sitzpolstern. Die Module in Wei\u00df oder Anthrazit lassen sich beliebig zu einem bequemen Sofa oder einer Eckbank kombinieren. Die Module sind aus pulverbeschichtetem [&hellip;]<\/p>\n","protected":false},"featured_media":13180,"comment_status":"closed","ping_status":"closed","template":"","meta":{"wds_primary_pwb-brand":0,"wds_primary_product_cat":0},"brands":[{"id":654,"name":"Borek","slug":"borek-de"}],"yoast_head":"<!-- This site is optimized with the Yoast SEO plugin v16.3 - https:\/\/yoast.com\/wordpress\/plugins\/seo\/ -->\n<title>Murcia - Acielo Abierto<\/title>\n<meta name=\"robots\" content=\"index, follow, max-snippet:-1, max-image-preview:large, max-video-preview:-1\" \/>\n<link rel=\"canonical\" href=\"https:\/\/acieloabierto.net\/de\/produkte\/murcia\/\" \/>\n<meta property=\"og:locale\" content=\"de_DE\" \/>\n<meta property=\"og:type\" content=\"article\" \/>\n<meta property=\"og:title\" content=\"Murcia - Acielo Abierto\" \/>\n<meta property=\"og:description\" content=\"Design-Ikone Marcel Wolterinck ist mit seiner Murcia-Kollektion f\u00fcr Borek in seinem Element. Dass der kreative Allrounder auch vor gro\u00dfen XL-Ma\u00dfen nicht zur\u00fcckschreckt, zeigt sich in dieser neuen Generation von Sitzelementen mit gro\u00dfformatigen Sitzpolstern. Die Module in Wei\u00df oder Anthrazit lassen sich beliebig zu einem bequemen Sofa oder einer Eckbank kombinieren. Die Module sind aus pulverbeschichtetem [&hellip;]\" \/>\n<meta property=\"og:url\" content=\"https:\/\/acieloabierto.net\/de\/produkte\/murcia\/\" \/>\n<meta property=\"og:site_name\" content=\"Acielo Abierto\" \/>\n<meta property=\"og:image\" content=\"https:\/\/acieloabierto.net\/wp-content\/uploads\/2021\/03\/murcia-borek-lounge1.jpg\" \/>\n\t<meta property=\"og:image:width\" content=\"1920\" \/>\n\t<meta property=\"og:image:height\" content=\"1280\" \/>\n<meta name=\"twitter:card\" content=\"summary_large_image\" \/>\n<meta name=\"twitter:label1\" content=\"Gesch\u00e4tzte Lesezeit\">\n\t<meta name=\"twitter:data1\" content=\"1\u00a0Minute\">\n<script type=\"application\/ld+json\" class=\"yoast-schema-graph\">{\"@context\":\"https:\/\/schema.org\",\"@graph\":[{\"@type\":\"Organization\",\"@id\":\"https:\/\/acieloabierto.net\/en\/#organization\",\"name\":\"A Cielo Abierto\",\"url\":\"https:\/\/acieloabierto.net\/en\/\",\"sameAs\":[],\"logo\":{\"@type\":\"ImageObject\",\"@id\":\"https:\/\/acieloabierto.net\/en\/#logo\",\"inLanguage\":\"de\",\"url\":\"https:\/\/acieloabierto.net\/wp-content\/uploads\/2021\/02\/logo.svg\",\"contentUrl\":\"https:\/\/acieloabierto.net\/wp-content\/uploads\/2021\/02\/logo.svg\",\"caption\":\"A Cielo Abierto\"},\"image\":{\"@id\":\"https:\/\/acieloabierto.net\/en\/#logo\"}},{\"@type\":\"WebSite\",\"@id\":\"https:\/\/acieloabierto.net\/en\/#website\",\"url\":\"https:\/\/acieloabierto.net\/en\/\",\"name\":\"Acielo Abierto\",\"description\":\"Tuinmeubels Costa Blanca\",\"publisher\":{\"@id\":\"https:\/\/acieloabierto.net\/en\/#organization\"},\"potentialAction\":[{\"@type\":\"SearchAction\",\"target\":\"https:\/\/acieloabierto.net\/en\/?s={search_term_string}\",\"query-input\":\"required name=search_term_string\"}],\"inLanguage\":\"de\"},{\"@type\":\"ImageObject\",\"@id\":\"https:\/\/acieloabierto.net\/de\/produkte\/murcia\/#primaryimage\",\"inLanguage\":\"de\",\"url\":\"https:\/\/acieloabierto.net\/wp-content\/uploads\/2021\/03\/murcia-borek-lounge1.jpg\",\"contentUrl\":\"https:\/\/acieloabierto.net\/wp-content\/uploads\/2021\/03\/murcia-borek-lounge1.jpg\",\"width\":1920,\"height\":1280},{\"@type\":\"WebPage\",\"@id\":\"https:\/\/acieloabierto.net\/de\/produkte\/murcia\/#webpage\",\"url\":\"https:\/\/acieloabierto.net\/de\/produkte\/murcia\/\",\"name\":\"Murcia - Acielo Abierto\",\"isPartOf\":{\"@id\":\"https:\/\/acieloabierto.net\/en\/#website\"},\"primaryImageOfPage\":{\"@id\":\"https:\/\/acieloabierto.net\/de\/produkte\/murcia\/#primaryimage\"},\"datePublished\":\"2021-03-03T14:58:01+00:00\",\"dateModified\":\"2021-03-03T14:58:01+00:00\",\"breadcrumb\":{\"@id\":\"https:\/\/acieloabierto.net\/de\/produkte\/murcia\/#breadcrumb\"},\"inLanguage\":\"de\",\"potentialAction\":[{\"@type\":\"ReadAction\",\"target\":[\"https:\/\/acieloabierto.net\/de\/produkte\/murcia\/\"]}]},{\"@type\":\"BreadcrumbList\",\"@id\":\"https:\/\/acieloabierto.net\/de\/produkte\/murcia\/#breadcrumb\",\"itemListElement\":[{\"@type\":\"ListItem\",\"position\":1,\"item\":{\"@type\":\"WebPage\",\"@id\":\"https:\/\/acieloabierto.net\/\",\"url\":\"https:\/\/acieloabierto.net\/\",\"name\":\"Home\"}},{\"@type\":\"ListItem\",\"position\":2,\"item\":{\"@type\":\"WebPage\",\"@id\":\"\",\"url\":\"\",\"name\":\"\"}},{\"@type\":\"ListItem\",\"position\":3,\"item\":{\"@id\":\"https:\/\/acieloabierto.net\/de\/produkte\/murcia\/#webpage\"}}]}]}<\/script>\n<!-- \/ Yoast SEO plugin. -->","_links":{"self":[{"href":"https:\/\/acieloabierto.net\/de\/wp-json\/wp\/v2\/product\/13179"}],"collection":[{"href":"https:\/\/acieloabierto.net\/de\/wp-json\/wp\/v2\/product"}],"about":[{"href":"https:\/\/acieloabierto.net\/de\/wp-json\/wp\/v2\/types\/product"}],"replies":[{"embeddable":true,"href":"https:\/\/acieloabierto.net\/de\/wp-json\/wp\/v2\/comments?post=13179"}],"wp:featuredmedia":[{"embeddable":true,"href":"https:\/\/acieloabierto.net\/de\/wp-json\/wp\/v2\/media\/13180"}],"wp:attachment":[{"href":"https:\/\/acieloabierto.net\/de\/wp-json\/wp\/v2\/media?parent=13179"}],"curies":[{"name":"wp","href":"https:\/\/api.w.org\/{rel}","templated":true}]}}