{"id":13161,"date":"2021-03-03T15:52:38","date_gmt":"2021-03-03T14:52:38","guid":{"rendered":"https:\/\/acieloabierto.net\/producten\/luxx-urbino\/"},"modified":"2021-03-03T15:52:38","modified_gmt":"2021-03-03T14:52:38","slug":"luxx-urbino","status":"publish","type":"product","link":"https:\/\/acieloabierto.net\/de\/produkte\/luxx-urbino\/","title":{"rendered":"luxx-urbino"},"content":{"rendered":"<p><span style=\"font-weight: 400;\">Die Kollektionen Urbino und Luxx bestehen aus einem Gestell aus Teakholz, das mit einem Sitz aus Batyline Eden ausgestattet ist. Dieses Material ist eine luxuri\u00f6se Variante des bekannten Batyline. Es wird ein weicheres und anschmiegsameres Material verwendet, das die gleichen Eigenschaften und die gleiche Qualit\u00e4t wie das bekannte Batyline aufweist. F\u00fcr Borek wird ausgereiftes Teakholz verwendet, das unter Beachtung der Umweltschutznormen geerntet wurde. Unbehandeltes Teakholz vergraut allm\u00e4hlich und kann mit Borek Teak Cleaner gereinigt werden. Um die nat\u00fcrliche, goldbraune Farbe l\u00e4nger zu erhalten, kann vergrautes Teakholz durch die Behandlung mit Borek Teak Sealer seine nat\u00fcrliche Farbe zur\u00fcckerhalten. Die Verwendung von Borek Teak Protector macht Teakholz wasser- und schmutzabweisend und sch\u00fctzt die silbergraue Patina von verwittertem Teakholz.<\/span><\/p>\n","protected":false},"excerpt":{"rendered":"<p>Die Kollektionen Urbino und Luxx bestehen aus einem Gestell aus Teakholz, das mit einem Sitz aus Batyline Eden ausgestattet ist. Dieses Material ist eine luxuri\u00f6se Variante des bekannten Batyline. Es wird ein weicheres und anschmiegsameres Material verwendet, das die gleichen Eigenschaften und die gleiche Qualit\u00e4t wie das bekannte Batyline aufweist. F\u00fcr Borek wird ausgereiftes Teakholz [&hellip;]<\/p>\n","protected":false},"featured_media":13162,"comment_status":"closed","ping_status":"closed","template":"","meta":{"wds_primary_pwb-brand":0,"wds_primary_product_cat":0},"brands":[{"id":654,"name":"Borek","slug":"borek-de"}],"yoast_head":"<!-- This site is optimized with the Yoast SEO plugin v16.3 - https:\/\/yoast.com\/wordpress\/plugins\/seo\/ -->\n<title>luxx-urbino - Acielo Abierto<\/title>\n<meta name=\"robots\" content=\"index, follow, max-snippet:-1, max-image-preview:large, max-video-preview:-1\" \/>\n<link rel=\"canonical\" href=\"https:\/\/acieloabierto.net\/de\/produkte\/luxx-urbino\/\" \/>\n<meta property=\"og:locale\" content=\"de_DE\" \/>\n<meta property=\"og:type\" content=\"article\" \/>\n<meta property=\"og:title\" content=\"luxx-urbino - Acielo Abierto\" \/>\n<meta property=\"og:description\" content=\"Die Kollektionen Urbino und Luxx bestehen aus einem Gestell aus Teakholz, das mit einem Sitz aus Batyline Eden ausgestattet ist. Dieses Material ist eine luxuri\u00f6se Variante des bekannten Batyline. Es wird ein weicheres und anschmiegsameres Material verwendet, das die gleichen Eigenschaften und die gleiche Qualit\u00e4t wie das bekannte Batyline aufweist. F\u00fcr Borek wird ausgereiftes Teakholz [&hellip;]\" \/>\n<meta property=\"og:url\" content=\"https:\/\/acieloabierto.net\/de\/produkte\/luxx-urbino\/\" \/>\n<meta property=\"og:site_name\" content=\"Acielo Abierto\" \/>\n<meta property=\"og:image\" content=\"https:\/\/acieloabierto.net\/wp-content\/uploads\/2021\/03\/urbino-borek-tafel.jpg\" \/>\n\t<meta property=\"og:image:width\" content=\"1682\" \/>\n\t<meta property=\"og:image:height\" content=\"1066\" \/>\n<meta name=\"twitter:card\" content=\"summary_large_image\" \/>\n<meta name=\"twitter:label1\" content=\"Gesch\u00e4tzte Lesezeit\">\n\t<meta name=\"twitter:data1\" content=\"1\u00a0Minute\">\n<script type=\"application\/ld+json\" class=\"yoast-schema-graph\">{\"@context\":\"https:\/\/schema.org\",\"@graph\":[{\"@type\":\"Organization\",\"@id\":\"https:\/\/acieloabierto.net\/en\/#organization\",\"name\":\"A Cielo Abierto\",\"url\":\"https:\/\/acieloabierto.net\/en\/\",\"sameAs\":[],\"logo\":{\"@type\":\"ImageObject\",\"@id\":\"https:\/\/acieloabierto.net\/en\/#logo\",\"inLanguage\":\"de\",\"url\":\"https:\/\/acieloabierto.net\/wp-content\/uploads\/2021\/02\/logo.svg\",\"contentUrl\":\"https:\/\/acieloabierto.net\/wp-content\/uploads\/2021\/02\/logo.svg\",\"caption\":\"A Cielo Abierto\"},\"image\":{\"@id\":\"https:\/\/acieloabierto.net\/en\/#logo\"}},{\"@type\":\"WebSite\",\"@id\":\"https:\/\/acieloabierto.net\/en\/#website\",\"url\":\"https:\/\/acieloabierto.net\/en\/\",\"name\":\"Acielo Abierto\",\"description\":\"Tuinmeubels Costa Blanca\",\"publisher\":{\"@id\":\"https:\/\/acieloabierto.net\/en\/#organization\"},\"potentialAction\":[{\"@type\":\"SearchAction\",\"target\":\"https:\/\/acieloabierto.net\/en\/?s={search_term_string}\",\"query-input\":\"required name=search_term_string\"}],\"inLanguage\":\"de\"},{\"@type\":\"ImageObject\",\"@id\":\"https:\/\/acieloabierto.net\/de\/produkte\/luxx-urbino\/#primaryimage\",\"inLanguage\":\"de\",\"url\":\"https:\/\/acieloabierto.net\/wp-content\/uploads\/2021\/03\/urbino-borek-tafel.jpg\",\"contentUrl\":\"https:\/\/acieloabierto.net\/wp-content\/uploads\/2021\/03\/urbino-borek-tafel.jpg\",\"width\":1682,\"height\":1066},{\"@type\":\"WebPage\",\"@id\":\"https:\/\/acieloabierto.net\/de\/produkte\/luxx-urbino\/#webpage\",\"url\":\"https:\/\/acieloabierto.net\/de\/produkte\/luxx-urbino\/\",\"name\":\"luxx-urbino - Acielo Abierto\",\"isPartOf\":{\"@id\":\"https:\/\/acieloabierto.net\/en\/#website\"},\"primaryImageOfPage\":{\"@id\":\"https:\/\/acieloabierto.net\/de\/produkte\/luxx-urbino\/#primaryimage\"},\"datePublished\":\"2021-03-03T14:52:38+00:00\",\"dateModified\":\"2021-03-03T14:52:38+00:00\",\"breadcrumb\":{\"@id\":\"https:\/\/acieloabierto.net\/de\/produkte\/luxx-urbino\/#breadcrumb\"},\"inLanguage\":\"de\",\"potentialAction\":[{\"@type\":\"ReadAction\",\"target\":[\"https:\/\/acieloabierto.net\/de\/produkte\/luxx-urbino\/\"]}]},{\"@type\":\"BreadcrumbList\",\"@id\":\"https:\/\/acieloabierto.net\/de\/produkte\/luxx-urbino\/#breadcrumb\",\"itemListElement\":[{\"@type\":\"ListItem\",\"position\":1,\"item\":{\"@type\":\"WebPage\",\"@id\":\"https:\/\/acieloabierto.net\/\",\"url\":\"https:\/\/acieloabierto.net\/\",\"name\":\"Home\"}},{\"@type\":\"ListItem\",\"position\":2,\"item\":{\"@type\":\"WebPage\",\"@id\":\"\",\"url\":\"\",\"name\":\"\"}},{\"@type\":\"ListItem\",\"position\":3,\"item\":{\"@id\":\"https:\/\/acieloabierto.net\/de\/produkte\/luxx-urbino\/#webpage\"}}]}]}<\/script>\n<!-- \/ Yoast SEO plugin. -->","_links":{"self":[{"href":"https:\/\/acieloabierto.net\/de\/wp-json\/wp\/v2\/product\/13161"}],"collection":[{"href":"https:\/\/acieloabierto.net\/de\/wp-json\/wp\/v2\/product"}],"about":[{"href":"https:\/\/acieloabierto.net\/de\/wp-json\/wp\/v2\/types\/product"}],"replies":[{"embeddable":true,"href":"https:\/\/acieloabierto.net\/de\/wp-json\/wp\/v2\/comments?post=13161"}],"wp:featuredmedia":[{"embeddable":true,"href":"https:\/\/acieloabierto.net\/de\/wp-json\/wp\/v2\/media\/13162"}],"wp:attachment":[{"href":"https:\/\/acieloabierto.net\/de\/wp-json\/wp\/v2\/media?parent=13161"}],"curies":[{"name":"wp","href":"https:\/\/api.w.org\/{rel}","templated":true}]}}