{"id":13137,"date":"2021-03-03T15:46:56","date_gmt":"2021-03-03T14:46:56","guid":{"rendered":"https:\/\/acieloabierto.net\/producten\/hybride\/"},"modified":"2021-03-03T15:46:56","modified_gmt":"2021-03-03T14:46:56","slug":"hybride","status":"publish","type":"product","link":"https:\/\/acieloabierto.net\/de\/produkte\/hybride\/","title":{"rendered":"Hybride"},"content":{"rendered":"<p><span style=\"font-weight: 400;\">Frans van Rens hat mehrere Kollektionen f\u00fcr Borek entworfen. Darunter auch diese sch\u00f6ne Hybrid-Linie. Das schlichte Teakholz wird mit Aluminium kombiniert. Die niedrigen Sessel sind mit dicken, wetterfesten Kissen bezogen. Diese bequemen niedrigen Esszimmerst\u00fchle k\u00f6nnen zum niedrigen Esstisch geschoben werden, da die Sessel mit Rollen ausgestattet sind. Unbehandeltes Teakholz vergraut allm\u00e4hlich und kann mit Borek Teakreiniger gereinigt werden. Um die nat\u00fcrliche, goldbraune Farbe l\u00e4nger zu erhalten, kann vergrautes Teakholz durch eine Behandlung mit Borek Teak Sealer seine nat\u00fcrliche Farbe zur\u00fcckerhalten.<\/span><\/p>\n","protected":false},"excerpt":{"rendered":"<p>Frans van Rens hat mehrere Kollektionen f\u00fcr Borek entworfen. Darunter auch diese sch\u00f6ne Hybrid-Linie. Das schlichte Teakholz wird mit Aluminium kombiniert. Die niedrigen Sessel sind mit dicken, wetterfesten Kissen bezogen. Diese bequemen niedrigen Esszimmerst\u00fchle k\u00f6nnen zum niedrigen Esstisch geschoben werden, da die Sessel mit Rollen ausgestattet sind. Unbehandeltes Teakholz vergraut allm\u00e4hlich und kann mit Borek [&hellip;]<\/p>\n","protected":false},"featured_media":13138,"comment_status":"closed","ping_status":"closed","template":"","meta":{"wds_primary_pwb-brand":0,"wds_primary_product_cat":0},"brands":[{"id":654,"name":"Borek","slug":"borek-de"}],"yoast_head":"<!-- This site is optimized with the Yoast SEO plugin v16.3 - https:\/\/yoast.com\/wordpress\/plugins\/seo\/ -->\n<title>Hybride - Acielo Abierto<\/title>\n<meta name=\"robots\" content=\"index, follow, max-snippet:-1, max-image-preview:large, max-video-preview:-1\" \/>\n<link rel=\"canonical\" href=\"https:\/\/acieloabierto.net\/de\/produkte\/hybride\/\" \/>\n<meta property=\"og:locale\" content=\"de_DE\" \/>\n<meta property=\"og:type\" content=\"article\" \/>\n<meta property=\"og:title\" content=\"Hybride - Acielo Abierto\" \/>\n<meta property=\"og:description\" content=\"Frans van Rens hat mehrere Kollektionen f\u00fcr Borek entworfen. Darunter auch diese sch\u00f6ne Hybrid-Linie. Das schlichte Teakholz wird mit Aluminium kombiniert. Die niedrigen Sessel sind mit dicken, wetterfesten Kissen bezogen. Diese bequemen niedrigen Esszimmerst\u00fchle k\u00f6nnen zum niedrigen Esstisch geschoben werden, da die Sessel mit Rollen ausgestattet sind. Unbehandeltes Teakholz vergraut allm\u00e4hlich und kann mit Borek [&hellip;]\" \/>\n<meta property=\"og:url\" content=\"https:\/\/acieloabierto.net\/de\/produkte\/hybride\/\" \/>\n<meta property=\"og:site_name\" content=\"Acielo Abierto\" \/>\n<meta property=\"og:image\" content=\"https:\/\/acieloabierto.net\/wp-content\/uploads\/2021\/03\/hybrid-borek-tafel.jpg\" \/>\n\t<meta property=\"og:image:width\" content=\"1920\" \/>\n\t<meta property=\"og:image:height\" content=\"1300\" \/>\n<meta name=\"twitter:card\" content=\"summary_large_image\" \/>\n<script type=\"application\/ld+json\" class=\"yoast-schema-graph\">{\"@context\":\"https:\/\/schema.org\",\"@graph\":[{\"@type\":\"Organization\",\"@id\":\"https:\/\/acieloabierto.net\/en\/#organization\",\"name\":\"A Cielo Abierto\",\"url\":\"https:\/\/acieloabierto.net\/en\/\",\"sameAs\":[],\"logo\":{\"@type\":\"ImageObject\",\"@id\":\"https:\/\/acieloabierto.net\/en\/#logo\",\"inLanguage\":\"de\",\"url\":\"https:\/\/acieloabierto.net\/wp-content\/uploads\/2021\/02\/logo.svg\",\"contentUrl\":\"https:\/\/acieloabierto.net\/wp-content\/uploads\/2021\/02\/logo.svg\",\"caption\":\"A Cielo Abierto\"},\"image\":{\"@id\":\"https:\/\/acieloabierto.net\/en\/#logo\"}},{\"@type\":\"WebSite\",\"@id\":\"https:\/\/acieloabierto.net\/en\/#website\",\"url\":\"https:\/\/acieloabierto.net\/en\/\",\"name\":\"Acielo Abierto\",\"description\":\"Tuinmeubels Costa Blanca\",\"publisher\":{\"@id\":\"https:\/\/acieloabierto.net\/en\/#organization\"},\"potentialAction\":[{\"@type\":\"SearchAction\",\"target\":\"https:\/\/acieloabierto.net\/en\/?s={search_term_string}\",\"query-input\":\"required name=search_term_string\"}],\"inLanguage\":\"de\"},{\"@type\":\"ImageObject\",\"@id\":\"https:\/\/acieloabierto.net\/de\/produkte\/hybride\/#primaryimage\",\"inLanguage\":\"de\",\"url\":\"https:\/\/acieloabierto.net\/wp-content\/uploads\/2021\/03\/hybrid-borek-tafel.jpg\",\"contentUrl\":\"https:\/\/acieloabierto.net\/wp-content\/uploads\/2021\/03\/hybrid-borek-tafel.jpg\",\"width\":1920,\"height\":1300},{\"@type\":\"WebPage\",\"@id\":\"https:\/\/acieloabierto.net\/de\/produkte\/hybride\/#webpage\",\"url\":\"https:\/\/acieloabierto.net\/de\/produkte\/hybride\/\",\"name\":\"Hybride - Acielo Abierto\",\"isPartOf\":{\"@id\":\"https:\/\/acieloabierto.net\/en\/#website\"},\"primaryImageOfPage\":{\"@id\":\"https:\/\/acieloabierto.net\/de\/produkte\/hybride\/#primaryimage\"},\"datePublished\":\"2021-03-03T14:46:56+00:00\",\"dateModified\":\"2021-03-03T14:46:56+00:00\",\"breadcrumb\":{\"@id\":\"https:\/\/acieloabierto.net\/de\/produkte\/hybride\/#breadcrumb\"},\"inLanguage\":\"de\",\"potentialAction\":[{\"@type\":\"ReadAction\",\"target\":[\"https:\/\/acieloabierto.net\/de\/produkte\/hybride\/\"]}]},{\"@type\":\"BreadcrumbList\",\"@id\":\"https:\/\/acieloabierto.net\/de\/produkte\/hybride\/#breadcrumb\",\"itemListElement\":[{\"@type\":\"ListItem\",\"position\":1,\"item\":{\"@type\":\"WebPage\",\"@id\":\"https:\/\/acieloabierto.net\/\",\"url\":\"https:\/\/acieloabierto.net\/\",\"name\":\"Home\"}},{\"@type\":\"ListItem\",\"position\":2,\"item\":{\"@type\":\"WebPage\",\"@id\":\"\",\"url\":\"\",\"name\":\"\"}},{\"@type\":\"ListItem\",\"position\":3,\"item\":{\"@id\":\"https:\/\/acieloabierto.net\/de\/produkte\/hybride\/#webpage\"}}]}]}<\/script>\n<!-- \/ Yoast SEO plugin. -->","_links":{"self":[{"href":"https:\/\/acieloabierto.net\/de\/wp-json\/wp\/v2\/product\/13137"}],"collection":[{"href":"https:\/\/acieloabierto.net\/de\/wp-json\/wp\/v2\/product"}],"about":[{"href":"https:\/\/acieloabierto.net\/de\/wp-json\/wp\/v2\/types\/product"}],"replies":[{"embeddable":true,"href":"https:\/\/acieloabierto.net\/de\/wp-json\/wp\/v2\/comments?post=13137"}],"wp:featuredmedia":[{"embeddable":true,"href":"https:\/\/acieloabierto.net\/de\/wp-json\/wp\/v2\/media\/13138"}],"wp:attachment":[{"href":"https:\/\/acieloabierto.net\/de\/wp-json\/wp\/v2\/media?parent=13137"}],"curies":[{"name":"wp","href":"https:\/\/api.w.org\/{rel}","templated":true}]}}