{"id":13126,"date":"2021-03-03T15:43:40","date_gmt":"2021-03-03T14:43:40","guid":{"rendered":"https:\/\/acieloabierto.net\/producten\/cadiz\/"},"modified":"2021-03-03T15:43:40","modified_gmt":"2021-03-03T14:43:40","slug":"cadiz","status":"publish","type":"product","link":"https:\/\/acieloabierto.net\/de\/produkte\/cadiz\/","title":{"rendered":"Cadiz"},"content":{"rendered":"<p><span style=\"font-weight: 400;\">Diese robuste und widerstandsf\u00e4hige Kollektion besteht aus einem Ess- und einem Loungem\u00f6bel. Ein sch\u00f6ner Beistelltisch vervollst\u00e4ndigt die Kollektion. Das Holz dieser Kollektion ist wiedergewonnenes Teakholz, robustes und massives Teakholz, das ein zweites Leben erhalten hat. Dadurch ist es extrem stabil und hat ein einzigartiges Aussehen. Mit der Zeit altert dieses Holz.<\/span><\/p>\n","protected":false},"excerpt":{"rendered":"<p>Diese robuste und widerstandsf\u00e4hige Kollektion besteht aus einem Ess- und einem Loungem\u00f6bel. Ein sch\u00f6ner Beistelltisch vervollst\u00e4ndigt die Kollektion. Das Holz dieser Kollektion ist wiedergewonnenes Teakholz, robustes und massives Teakholz, das ein zweites Leben erhalten hat. Dadurch ist es extrem stabil und hat ein einzigartiges Aussehen. Mit der Zeit altert dieses Holz.<\/p>\n","protected":false},"featured_media":13127,"comment_status":"closed","ping_status":"closed","template":"","meta":{"wds_primary_pwb-brand":0,"wds_primary_product_cat":0},"brands":[{"id":654,"name":"Borek","slug":"borek-de"}],"yoast_head":"<!-- This site is optimized with the Yoast SEO plugin v16.3 - https:\/\/yoast.com\/wordpress\/plugins\/seo\/ -->\n<title>Cadiz - Acielo Abierto<\/title>\n<meta name=\"robots\" content=\"index, follow, max-snippet:-1, max-image-preview:large, max-video-preview:-1\" \/>\n<link rel=\"canonical\" href=\"https:\/\/acieloabierto.net\/de\/produkte\/cadiz\/\" \/>\n<meta property=\"og:locale\" content=\"de_DE\" \/>\n<meta property=\"og:type\" content=\"article\" \/>\n<meta property=\"og:title\" content=\"Cadiz - Acielo Abierto\" \/>\n<meta property=\"og:description\" content=\"Diese robuste und widerstandsf\u00e4hige Kollektion besteht aus einem Ess- und einem Loungem\u00f6bel. Ein sch\u00f6ner Beistelltisch vervollst\u00e4ndigt die Kollektion. Das Holz dieser Kollektion ist wiedergewonnenes Teakholz, robustes und massives Teakholz, das ein zweites Leben erhalten hat. Dadurch ist es extrem stabil und hat ein einzigartiges Aussehen. Mit der Zeit altert dieses Holz.\" \/>\n<meta property=\"og:url\" content=\"https:\/\/acieloabierto.net\/de\/produkte\/cadiz\/\" \/>\n<meta property=\"og:site_name\" content=\"Acielo Abierto\" \/>\n<meta property=\"og:image\" content=\"https:\/\/acieloabierto.net\/wp-content\/uploads\/2021\/03\/cadis-borek-tafel1.jpg\" \/>\n\t<meta property=\"og:image:width\" content=\"1920\" \/>\n\t<meta property=\"og:image:height\" content=\"1300\" \/>\n<meta name=\"twitter:card\" content=\"summary_large_image\" \/>\n<script type=\"application\/ld+json\" class=\"yoast-schema-graph\">{\"@context\":\"https:\/\/schema.org\",\"@graph\":[{\"@type\":\"Organization\",\"@id\":\"https:\/\/acieloabierto.net\/en\/#organization\",\"name\":\"A Cielo Abierto\",\"url\":\"https:\/\/acieloabierto.net\/en\/\",\"sameAs\":[],\"logo\":{\"@type\":\"ImageObject\",\"@id\":\"https:\/\/acieloabierto.net\/en\/#logo\",\"inLanguage\":\"de\",\"url\":\"https:\/\/acieloabierto.net\/wp-content\/uploads\/2021\/02\/logo.svg\",\"contentUrl\":\"https:\/\/acieloabierto.net\/wp-content\/uploads\/2021\/02\/logo.svg\",\"caption\":\"A Cielo Abierto\"},\"image\":{\"@id\":\"https:\/\/acieloabierto.net\/en\/#logo\"}},{\"@type\":\"WebSite\",\"@id\":\"https:\/\/acieloabierto.net\/en\/#website\",\"url\":\"https:\/\/acieloabierto.net\/en\/\",\"name\":\"Acielo Abierto\",\"description\":\"Tuinmeubels Costa Blanca\",\"publisher\":{\"@id\":\"https:\/\/acieloabierto.net\/en\/#organization\"},\"potentialAction\":[{\"@type\":\"SearchAction\",\"target\":\"https:\/\/acieloabierto.net\/en\/?s={search_term_string}\",\"query-input\":\"required name=search_term_string\"}],\"inLanguage\":\"de\"},{\"@type\":\"ImageObject\",\"@id\":\"https:\/\/acieloabierto.net\/de\/produkte\/cadiz\/#primaryimage\",\"inLanguage\":\"de\",\"url\":\"https:\/\/acieloabierto.net\/wp-content\/uploads\/2021\/03\/cadis-borek-tafel1.jpg\",\"contentUrl\":\"https:\/\/acieloabierto.net\/wp-content\/uploads\/2021\/03\/cadis-borek-tafel1.jpg\",\"width\":1920,\"height\":1300},{\"@type\":\"WebPage\",\"@id\":\"https:\/\/acieloabierto.net\/de\/produkte\/cadiz\/#webpage\",\"url\":\"https:\/\/acieloabierto.net\/de\/produkte\/cadiz\/\",\"name\":\"Cadiz - Acielo Abierto\",\"isPartOf\":{\"@id\":\"https:\/\/acieloabierto.net\/en\/#website\"},\"primaryImageOfPage\":{\"@id\":\"https:\/\/acieloabierto.net\/de\/produkte\/cadiz\/#primaryimage\"},\"datePublished\":\"2021-03-03T14:43:40+00:00\",\"dateModified\":\"2021-03-03T14:43:40+00:00\",\"breadcrumb\":{\"@id\":\"https:\/\/acieloabierto.net\/de\/produkte\/cadiz\/#breadcrumb\"},\"inLanguage\":\"de\",\"potentialAction\":[{\"@type\":\"ReadAction\",\"target\":[\"https:\/\/acieloabierto.net\/de\/produkte\/cadiz\/\"]}]},{\"@type\":\"BreadcrumbList\",\"@id\":\"https:\/\/acieloabierto.net\/de\/produkte\/cadiz\/#breadcrumb\",\"itemListElement\":[{\"@type\":\"ListItem\",\"position\":1,\"item\":{\"@type\":\"WebPage\",\"@id\":\"https:\/\/acieloabierto.net\/\",\"url\":\"https:\/\/acieloabierto.net\/\",\"name\":\"Home\"}},{\"@type\":\"ListItem\",\"position\":2,\"item\":{\"@type\":\"WebPage\",\"@id\":\"\",\"url\":\"\",\"name\":\"\"}},{\"@type\":\"ListItem\",\"position\":3,\"item\":{\"@id\":\"https:\/\/acieloabierto.net\/de\/produkte\/cadiz\/#webpage\"}}]}]}<\/script>\n<!-- \/ Yoast SEO plugin. -->","_links":{"self":[{"href":"https:\/\/acieloabierto.net\/de\/wp-json\/wp\/v2\/product\/13126"}],"collection":[{"href":"https:\/\/acieloabierto.net\/de\/wp-json\/wp\/v2\/product"}],"about":[{"href":"https:\/\/acieloabierto.net\/de\/wp-json\/wp\/v2\/types\/product"}],"replies":[{"embeddable":true,"href":"https:\/\/acieloabierto.net\/de\/wp-json\/wp\/v2\/comments?post=13126"}],"wp:featuredmedia":[{"embeddable":true,"href":"https:\/\/acieloabierto.net\/de\/wp-json\/wp\/v2\/media\/13127"}],"wp:attachment":[{"href":"https:\/\/acieloabierto.net\/de\/wp-json\/wp\/v2\/media?parent=13126"}],"curies":[{"name":"wp","href":"https:\/\/api.w.org\/{rel}","templated":true}]}}