{"id":13107,"date":"2022-01-21T14:58:03","date_gmt":"2022-01-21T13:58:03","guid":{"rendered":"https:\/\/acieloabierto.net\/producten\/tuuci-ocean-master\/"},"modified":"2022-01-21T14:58:03","modified_gmt":"2022-01-21T13:58:03","slug":"tuuci-ocean-master","status":"publish","type":"product","link":"https:\/\/acieloabierto.net\/de\/produkte\/tuuci-ocean-master\/","title":{"rendered":"Ocean Master"},"content":{"rendered":"<p><span style=\"font-weight: 400;\">Tuuci ist bekannt f\u00fcr den Ocean Master Parasol, der aus Sunbrella hergestellt wird. Dieser Outdoor-Stoff ist extrem UV-best\u00e4ndig und rei\u00dffest.<\/span><\/p>\n","protected":false},"excerpt":{"rendered":"<p>Tuuci ist bekannt f\u00fcr den Ocean Master Parasol, der aus Sunbrella hergestellt wird. Dieser Outdoor-Stoff ist extrem UV-best\u00e4ndig und rei\u00dffest.<\/p>\n","protected":false},"featured_media":13108,"comment_status":"open","ping_status":"closed","template":"","meta":{"wds_primary_pwb-brand":0,"wds_primary_product_cat":0},"brands":[{"id":638,"name":"Tuuci","slug":"tuuci-de"}],"yoast_head":"<!-- This site is optimized with the Yoast SEO plugin v16.3 - https:\/\/yoast.com\/wordpress\/plugins\/seo\/ -->\n<title>Ocean Master - Acielo Abierto<\/title>\n<meta name=\"description\" content=\"Tuuci ist bekannt f\u00fcr den Ocean Master Parasol, der mit Sunbrella hergestellt wird. Dieser Outdoor-Stoff ist extrem UV-best\u00e4ndig und rei\u00dffest.\" \/>\n<meta name=\"robots\" content=\"index, follow, max-snippet:-1, max-image-preview:large, max-video-preview:-1\" \/>\n<link rel=\"canonical\" href=\"https:\/\/acieloabierto.net\/de\/produkte\/tuuci-ocean-master\/\" \/>\n<meta property=\"og:locale\" content=\"de_DE\" \/>\n<meta property=\"og:type\" content=\"article\" \/>\n<meta property=\"og:title\" content=\"Ocean Master - Acielo Abierto\" \/>\n<meta property=\"og:description\" content=\"Tuuci ist bekannt f\u00fcr den Ocean Master Parasol, der mit Sunbrella hergestellt wird. Dieser Outdoor-Stoff ist extrem UV-best\u00e4ndig und rei\u00dffest.\" \/>\n<meta property=\"og:url\" content=\"https:\/\/acieloabierto.net\/de\/produkte\/tuuci-ocean-master\/\" \/>\n<meta property=\"og:site_name\" content=\"Acielo Abierto\" \/>\n<meta property=\"og:image\" content=\"https:\/\/acieloabierto.net\/wp-content\/uploads\/2022\/01\/Umbrellas_Tuuci-Ocean-Master.jpg\" \/>\n\t<meta property=\"og:image:width\" content=\"1000\" \/>\n\t<meta property=\"og:image:height\" content=\"505\" \/>\n<meta name=\"twitter:card\" content=\"summary_large_image\" \/>\n<script type=\"application\/ld+json\" class=\"yoast-schema-graph\">{\"@context\":\"https:\/\/schema.org\",\"@graph\":[{\"@type\":\"Organization\",\"@id\":\"https:\/\/acieloabierto.net\/en\/#organization\",\"name\":\"A Cielo Abierto\",\"url\":\"https:\/\/acieloabierto.net\/en\/\",\"sameAs\":[],\"logo\":{\"@type\":\"ImageObject\",\"@id\":\"https:\/\/acieloabierto.net\/en\/#logo\",\"inLanguage\":\"de\",\"url\":\"https:\/\/acieloabierto.net\/wp-content\/uploads\/2021\/02\/logo.svg\",\"contentUrl\":\"https:\/\/acieloabierto.net\/wp-content\/uploads\/2021\/02\/logo.svg\",\"caption\":\"A Cielo Abierto\"},\"image\":{\"@id\":\"https:\/\/acieloabierto.net\/en\/#logo\"}},{\"@type\":\"WebSite\",\"@id\":\"https:\/\/acieloabierto.net\/en\/#website\",\"url\":\"https:\/\/acieloabierto.net\/en\/\",\"name\":\"Acielo Abierto\",\"description\":\"Tuinmeubels Costa Blanca\",\"publisher\":{\"@id\":\"https:\/\/acieloabierto.net\/en\/#organization\"},\"potentialAction\":[{\"@type\":\"SearchAction\",\"target\":\"https:\/\/acieloabierto.net\/en\/?s={search_term_string}\",\"query-input\":\"required name=search_term_string\"}],\"inLanguage\":\"de\"},{\"@type\":\"ImageObject\",\"@id\":\"https:\/\/acieloabierto.net\/de\/produkte\/tuuci-ocean-master\/#primaryimage\",\"inLanguage\":\"de\",\"url\":\"https:\/\/acieloabierto.net\/wp-content\/uploads\/2022\/01\/Umbrellas_Tuuci-Ocean-Master.jpg\",\"contentUrl\":\"https:\/\/acieloabierto.net\/wp-content\/uploads\/2022\/01\/Umbrellas_Tuuci-Ocean-Master.jpg\",\"width\":1000,\"height\":505,\"caption\":\"Parasol_Tuuci Ocean Master\"},{\"@type\":\"WebPage\",\"@id\":\"https:\/\/acieloabierto.net\/de\/produkte\/tuuci-ocean-master\/#webpage\",\"url\":\"https:\/\/acieloabierto.net\/de\/produkte\/tuuci-ocean-master\/\",\"name\":\"Ocean Master - Acielo Abierto\",\"isPartOf\":{\"@id\":\"https:\/\/acieloabierto.net\/en\/#website\"},\"primaryImageOfPage\":{\"@id\":\"https:\/\/acieloabierto.net\/de\/produkte\/tuuci-ocean-master\/#primaryimage\"},\"datePublished\":\"2022-01-21T13:58:03+00:00\",\"dateModified\":\"2022-01-21T13:58:03+00:00\",\"description\":\"Tuuci ist bekannt f\\u00fcr den Ocean Master Parasol, der mit Sunbrella hergestellt wird. Dieser Outdoor-Stoff ist extrem UV-best\\u00e4ndig und rei\\u00dffest.\",\"breadcrumb\":{\"@id\":\"https:\/\/acieloabierto.net\/de\/produkte\/tuuci-ocean-master\/#breadcrumb\"},\"inLanguage\":\"de\",\"potentialAction\":[{\"@type\":\"ReadAction\",\"target\":[\"https:\/\/acieloabierto.net\/de\/produkte\/tuuci-ocean-master\/\"]}]},{\"@type\":\"BreadcrumbList\",\"@id\":\"https:\/\/acieloabierto.net\/de\/produkte\/tuuci-ocean-master\/#breadcrumb\",\"itemListElement\":[{\"@type\":\"ListItem\",\"position\":1,\"item\":{\"@type\":\"WebPage\",\"@id\":\"https:\/\/acieloabierto.net\/\",\"url\":\"https:\/\/acieloabierto.net\/\",\"name\":\"Home\"}},{\"@type\":\"ListItem\",\"position\":2,\"item\":{\"@type\":\"WebPage\",\"@id\":\"\",\"url\":\"\",\"name\":\"\"}},{\"@type\":\"ListItem\",\"position\":3,\"item\":{\"@id\":\"https:\/\/acieloabierto.net\/de\/produkte\/tuuci-ocean-master\/#webpage\"}}]}]}<\/script>\n<!-- \/ Yoast SEO plugin. -->","_links":{"self":[{"href":"https:\/\/acieloabierto.net\/de\/wp-json\/wp\/v2\/product\/13107"}],"collection":[{"href":"https:\/\/acieloabierto.net\/de\/wp-json\/wp\/v2\/product"}],"about":[{"href":"https:\/\/acieloabierto.net\/de\/wp-json\/wp\/v2\/types\/product"}],"replies":[{"embeddable":true,"href":"https:\/\/acieloabierto.net\/de\/wp-json\/wp\/v2\/comments?post=13107"}],"wp:featuredmedia":[{"embeddable":true,"href":"https:\/\/acieloabierto.net\/de\/wp-json\/wp\/v2\/media\/13108"}],"wp:attachment":[{"href":"https:\/\/acieloabierto.net\/de\/wp-json\/wp\/v2\/media?parent=13107"}],"curies":[{"name":"wp","href":"https:\/\/api.w.org\/{rel}","templated":true}]}}