{"id":13103,"date":"2022-01-21T14:31:52","date_gmt":"2022-01-21T13:31:52","guid":{"rendered":"https:\/\/acieloabierto.net\/producten\/tuuci-air-lounge\/"},"modified":"2022-01-21T14:31:52","modified_gmt":"2022-01-21T13:31:52","slug":"tuuci-air-lounge","status":"publish","type":"product","link":"https:\/\/acieloabierto.net\/de\/produkte\/tuuci-air-lounge\/","title":{"rendered":"Air lounge"},"content":{"rendered":"<p><span style=\"font-weight: 400;\">Die TUUCI Air Lounge, eine Innovation in der Welt der H\u00e4ngematten, ist die ultimative Art zu entspannen. Sie ist so konzipiert, dass sie sich sanft zusammenzieht und ausdehnt, um ein sanftes Liegen zu erm\u00f6glichen. Ihre einzigartige Sch\u00f6nheit wird nur noch von der langlebigen Konstruktion aus Ultra Dry-Core Comfort Mesh und haltbaren Hartholzstreckern \u00fcbertroffen. Jahre der beeindruckenden Entspannung warten auf Sie.<\/span><\/p>\n","protected":false},"excerpt":{"rendered":"<p>Die TUUCI Air Lounge, eine Innovation in der Welt der H\u00e4ngematten, ist die ultimative Art zu entspannen. Sie ist so konzipiert, dass sie sich sanft zusammenzieht und ausdehnt, um ein sanftes Liegen zu erm\u00f6glichen. Ihre einzigartige Sch\u00f6nheit wird nur noch von der langlebigen Konstruktion aus Ultra Dry-Core Comfort Mesh und haltbaren Hartholzstreckern \u00fcbertroffen. Jahre der [&hellip;]<\/p>\n","protected":false},"featured_media":13104,"comment_status":"open","ping_status":"closed","template":"","meta":{"wds_primary_pwb-brand":0,"wds_primary_product_cat":0},"brands":[{"id":638,"name":"Tuuci","slug":"tuuci-de"}],"yoast_head":"<!-- This site is optimized with the Yoast SEO plugin v16.3 - https:\/\/yoast.com\/wordpress\/plugins\/seo\/ -->\n<title>Air lounge - Acielo Abierto<\/title>\n<meta name=\"description\" content=\"Die TUUCI Air Lounge, eine Innovation in der Welt der H\u00e4ngematten, ist die ultimative Art, sich in Luxus zu entspannen.\" \/>\n<meta name=\"robots\" content=\"index, follow, max-snippet:-1, max-image-preview:large, max-video-preview:-1\" \/>\n<link rel=\"canonical\" href=\"https:\/\/acieloabierto.net\/de\/produkte\/tuuci-air-lounge\/\" \/>\n<meta property=\"og:locale\" content=\"de_DE\" \/>\n<meta property=\"og:type\" content=\"article\" \/>\n<meta property=\"og:title\" content=\"Air lounge - Acielo Abierto\" \/>\n<meta property=\"og:description\" content=\"Die TUUCI Air Lounge, eine Innovation in der Welt der H\u00e4ngematten, ist die ultimative Art, sich in Luxus zu entspannen.\" \/>\n<meta property=\"og:url\" content=\"https:\/\/acieloabierto.net\/de\/produkte\/tuuci-air-lounge\/\" \/>\n<meta property=\"og:site_name\" content=\"Acielo Abierto\" \/>\n<meta property=\"og:image\" content=\"https:\/\/acieloabierto.net\/wp-content\/uploads\/2022\/01\/Tuuci-AirLounge.jpg\" \/>\n\t<meta property=\"og:image:width\" content=\"1920\" \/>\n\t<meta property=\"og:image:height\" content=\"960\" \/>\n<meta name=\"twitter:card\" content=\"summary_large_image\" \/>\n<script type=\"application\/ld+json\" class=\"yoast-schema-graph\">{\"@context\":\"https:\/\/schema.org\",\"@graph\":[{\"@type\":\"Organization\",\"@id\":\"https:\/\/acieloabierto.net\/en\/#organization\",\"name\":\"A Cielo Abierto\",\"url\":\"https:\/\/acieloabierto.net\/en\/\",\"sameAs\":[],\"logo\":{\"@type\":\"ImageObject\",\"@id\":\"https:\/\/acieloabierto.net\/en\/#logo\",\"inLanguage\":\"de\",\"url\":\"https:\/\/acieloabierto.net\/wp-content\/uploads\/2021\/02\/logo.svg\",\"contentUrl\":\"https:\/\/acieloabierto.net\/wp-content\/uploads\/2021\/02\/logo.svg\",\"caption\":\"A Cielo Abierto\"},\"image\":{\"@id\":\"https:\/\/acieloabierto.net\/en\/#logo\"}},{\"@type\":\"WebSite\",\"@id\":\"https:\/\/acieloabierto.net\/en\/#website\",\"url\":\"https:\/\/acieloabierto.net\/en\/\",\"name\":\"Acielo Abierto\",\"description\":\"Tuinmeubels Costa Blanca\",\"publisher\":{\"@id\":\"https:\/\/acieloabierto.net\/en\/#organization\"},\"potentialAction\":[{\"@type\":\"SearchAction\",\"target\":\"https:\/\/acieloabierto.net\/en\/?s={search_term_string}\",\"query-input\":\"required name=search_term_string\"}],\"inLanguage\":\"de\"},{\"@type\":\"ImageObject\",\"@id\":\"https:\/\/acieloabierto.net\/de\/produkte\/tuuci-air-lounge\/#primaryimage\",\"inLanguage\":\"de\",\"url\":\"https:\/\/acieloabierto.net\/wp-content\/uploads\/2022\/01\/Tuuci-AirLounge.jpg\",\"contentUrl\":\"https:\/\/acieloabierto.net\/wp-content\/uploads\/2022\/01\/Tuuci-AirLounge.jpg\",\"width\":1920,\"height\":960,\"caption\":\"Tuuci Air Lounge H\\u00e4ngematte\"},{\"@type\":\"WebPage\",\"@id\":\"https:\/\/acieloabierto.net\/de\/produkte\/tuuci-air-lounge\/#webpage\",\"url\":\"https:\/\/acieloabierto.net\/de\/produkte\/tuuci-air-lounge\/\",\"name\":\"Air lounge - Acielo Abierto\",\"isPartOf\":{\"@id\":\"https:\/\/acieloabierto.net\/en\/#website\"},\"primaryImageOfPage\":{\"@id\":\"https:\/\/acieloabierto.net\/de\/produkte\/tuuci-air-lounge\/#primaryimage\"},\"datePublished\":\"2022-01-21T13:31:52+00:00\",\"dateModified\":\"2022-01-21T13:31:52+00:00\",\"description\":\"Die TUUCI Air Lounge, eine Innovation in der Welt der H\\u00e4ngematten, ist die ultimative Art, sich in Luxus zu entspannen.\",\"breadcrumb\":{\"@id\":\"https:\/\/acieloabierto.net\/de\/produkte\/tuuci-air-lounge\/#breadcrumb\"},\"inLanguage\":\"de\",\"potentialAction\":[{\"@type\":\"ReadAction\",\"target\":[\"https:\/\/acieloabierto.net\/de\/produkte\/tuuci-air-lounge\/\"]}]},{\"@type\":\"BreadcrumbList\",\"@id\":\"https:\/\/acieloabierto.net\/de\/produkte\/tuuci-air-lounge\/#breadcrumb\",\"itemListElement\":[{\"@type\":\"ListItem\",\"position\":1,\"item\":{\"@type\":\"WebPage\",\"@id\":\"https:\/\/acieloabierto.net\/\",\"url\":\"https:\/\/acieloabierto.net\/\",\"name\":\"Home\"}},{\"@type\":\"ListItem\",\"position\":2,\"item\":{\"@type\":\"WebPage\",\"@id\":\"\",\"url\":\"\",\"name\":\"\"}},{\"@type\":\"ListItem\",\"position\":3,\"item\":{\"@id\":\"https:\/\/acieloabierto.net\/de\/produkte\/tuuci-air-lounge\/#webpage\"}}]}]}<\/script>\n<!-- \/ Yoast SEO plugin. -->","_links":{"self":[{"href":"https:\/\/acieloabierto.net\/de\/wp-json\/wp\/v2\/product\/13103"}],"collection":[{"href":"https:\/\/acieloabierto.net\/de\/wp-json\/wp\/v2\/product"}],"about":[{"href":"https:\/\/acieloabierto.net\/de\/wp-json\/wp\/v2\/types\/product"}],"replies":[{"embeddable":true,"href":"https:\/\/acieloabierto.net\/de\/wp-json\/wp\/v2\/comments?post=13103"}],"wp:featuredmedia":[{"embeddable":true,"href":"https:\/\/acieloabierto.net\/de\/wp-json\/wp\/v2\/media\/13104"}],"wp:attachment":[{"href":"https:\/\/acieloabierto.net\/de\/wp-json\/wp\/v2\/media?parent=13103"}],"curies":[{"name":"wp","href":"https:\/\/api.w.org\/{rel}","templated":true}]}}