{"id":13086,"date":"2024-04-26T14:51:07","date_gmt":"2024-04-26T12:51:07","guid":{"rendered":"https:\/\/acieloabierto.net\/producten\/aqua-zone-odino-dusche\/"},"modified":"2024-04-26T14:51:07","modified_gmt":"2024-04-26T12:51:07","slug":"aqua-zone-odino-dusche","status":"publish","type":"product","link":"https:\/\/acieloabierto.net\/de\/produkte\/aqua-zone-odino-dusche\/","title":{"rendered":"AQUA ZONE ODINO DUSCHE"},"content":{"rendered":"<p><span style=\"font-weight: 400;\">Odino ist das Flaggschiff der KORTA Kollektionen, das sich durch Schlichtheit und klare Linien auszeichnet; monumental im Design, aber elegant und \u00e4u\u00dferst fotogen. Ideal f\u00fcr Luxusimmobilien mit unendlichen Hintergr\u00fcnden.<\/span><\/p>\n","protected":false},"excerpt":{"rendered":"<p>Odino ist das Flaggschiff der KORTA Kollektionen, das sich durch Schlichtheit und klare Linien auszeichnet; monumental im Design, aber elegant und \u00e4u\u00dferst fotogen. Ideal f\u00fcr Luxusimmobilien mit unendlichen Hintergr\u00fcnden.<\/p>\n","protected":false},"featured_media":13087,"comment_status":"open","ping_status":"closed","template":"","meta":{"wds_primary_pwb-brand":0,"wds_primary_product_cat":0},"brands":[{"id":630,"name":"KORTA","slug":"korta-de"}],"yoast_head":"<!-- This site is optimized with the Yoast SEO plugin v16.3 - https:\/\/yoast.com\/wordpress\/plugins\/seo\/ -->\n<title>AQUA ZONE ODINO DUSCHE - Acielo Abierto<\/title>\n<meta name=\"description\" content=\"ODINO ist das Design der Au\u00dfendusche von KORTA, erh\u00e4ltlich bei A Cielo Abierto Gartenm\u00f6bel in Marbella, Estapona, Altea und Benissa.\" \/>\n<meta name=\"robots\" content=\"index, follow, max-snippet:-1, max-image-preview:large, max-video-preview:-1\" \/>\n<link rel=\"canonical\" href=\"https:\/\/acieloabierto.net\/de\/produkte\/aqua-zone-odino-dusche\/\" \/>\n<meta property=\"og:locale\" content=\"de_DE\" \/>\n<meta property=\"og:type\" content=\"article\" \/>\n<meta property=\"og:title\" content=\"AQUA ZONE ODINO DUSCHE - Acielo Abierto\" \/>\n<meta property=\"og:description\" content=\"ODINO ist das Design der Au\u00dfendusche von KORTA, erh\u00e4ltlich bei A Cielo Abierto Gartenm\u00f6bel in Marbella, Estapona, Altea und Benissa.\" \/>\n<meta property=\"og:url\" content=\"https:\/\/acieloabierto.net\/de\/produkte\/aqua-zone-odino-dusche\/\" \/>\n<meta property=\"og:site_name\" content=\"Acielo Abierto\" \/>\n<meta property=\"og:image\" content=\"https:\/\/acieloabierto.net\/wp-content\/uploads\/2024\/04\/1692777252679.jpg\" \/>\n\t<meta property=\"og:image:width\" content=\"981\" \/>\n\t<meta property=\"og:image:height\" content=\"769\" \/>\n<meta name=\"twitter:card\" content=\"summary_large_image\" \/>\n<script type=\"application\/ld+json\" class=\"yoast-schema-graph\">{\"@context\":\"https:\/\/schema.org\",\"@graph\":[{\"@type\":\"Organization\",\"@id\":\"https:\/\/acieloabierto.net\/en\/#organization\",\"name\":\"A Cielo Abierto\",\"url\":\"https:\/\/acieloabierto.net\/en\/\",\"sameAs\":[],\"logo\":{\"@type\":\"ImageObject\",\"@id\":\"https:\/\/acieloabierto.net\/en\/#logo\",\"inLanguage\":\"de\",\"url\":\"https:\/\/acieloabierto.net\/wp-content\/uploads\/2021\/02\/logo.svg\",\"contentUrl\":\"https:\/\/acieloabierto.net\/wp-content\/uploads\/2021\/02\/logo.svg\",\"caption\":\"A Cielo Abierto\"},\"image\":{\"@id\":\"https:\/\/acieloabierto.net\/en\/#logo\"}},{\"@type\":\"WebSite\",\"@id\":\"https:\/\/acieloabierto.net\/en\/#website\",\"url\":\"https:\/\/acieloabierto.net\/en\/\",\"name\":\"Acielo Abierto\",\"description\":\"Tuinmeubels Costa Blanca\",\"publisher\":{\"@id\":\"https:\/\/acieloabierto.net\/en\/#organization\"},\"potentialAction\":[{\"@type\":\"SearchAction\",\"target\":\"https:\/\/acieloabierto.net\/en\/?s={search_term_string}\",\"query-input\":\"required name=search_term_string\"}],\"inLanguage\":\"de\"},{\"@type\":\"ImageObject\",\"@id\":\"https:\/\/acieloabierto.net\/de\/produkte\/aqua-zone-odino-dusche\/#primaryimage\",\"inLanguage\":\"de\",\"url\":\"https:\/\/acieloabierto.net\/wp-content\/uploads\/2024\/04\/1692777252679.jpg\",\"contentUrl\":\"https:\/\/acieloabierto.net\/wp-content\/uploads\/2024\/04\/1692777252679.jpg\",\"width\":981,\"height\":769},{\"@type\":\"WebPage\",\"@id\":\"https:\/\/acieloabierto.net\/de\/produkte\/aqua-zone-odino-dusche\/#webpage\",\"url\":\"https:\/\/acieloabierto.net\/de\/produkte\/aqua-zone-odino-dusche\/\",\"name\":\"AQUA ZONE ODINO DUSCHE - Acielo Abierto\",\"isPartOf\":{\"@id\":\"https:\/\/acieloabierto.net\/en\/#website\"},\"primaryImageOfPage\":{\"@id\":\"https:\/\/acieloabierto.net\/de\/produkte\/aqua-zone-odino-dusche\/#primaryimage\"},\"datePublished\":\"2024-04-26T12:51:07+00:00\",\"dateModified\":\"2024-04-26T12:51:07+00:00\",\"description\":\"ODINO ist das Design der Au\\u00dfendusche von KORTA, erh\\u00e4ltlich bei A Cielo Abierto Gartenm\\u00f6bel in Marbella, Estapona, Altea und Benissa.\",\"breadcrumb\":{\"@id\":\"https:\/\/acieloabierto.net\/de\/produkte\/aqua-zone-odino-dusche\/#breadcrumb\"},\"inLanguage\":\"de\",\"potentialAction\":[{\"@type\":\"ReadAction\",\"target\":[\"https:\/\/acieloabierto.net\/de\/produkte\/aqua-zone-odino-dusche\/\"]}]},{\"@type\":\"BreadcrumbList\",\"@id\":\"https:\/\/acieloabierto.net\/de\/produkte\/aqua-zone-odino-dusche\/#breadcrumb\",\"itemListElement\":[{\"@type\":\"ListItem\",\"position\":1,\"item\":{\"@type\":\"WebPage\",\"@id\":\"https:\/\/acieloabierto.net\/\",\"url\":\"https:\/\/acieloabierto.net\/\",\"name\":\"Home\"}},{\"@type\":\"ListItem\",\"position\":2,\"item\":{\"@type\":\"WebPage\",\"@id\":\"\",\"url\":\"\",\"name\":\"\"}},{\"@type\":\"ListItem\",\"position\":3,\"item\":{\"@id\":\"https:\/\/acieloabierto.net\/de\/produkte\/aqua-zone-odino-dusche\/#webpage\"}}]}]}<\/script>\n<!-- \/ Yoast SEO plugin. -->","_links":{"self":[{"href":"https:\/\/acieloabierto.net\/de\/wp-json\/wp\/v2\/product\/13086"}],"collection":[{"href":"https:\/\/acieloabierto.net\/de\/wp-json\/wp\/v2\/product"}],"about":[{"href":"https:\/\/acieloabierto.net\/de\/wp-json\/wp\/v2\/types\/product"}],"replies":[{"embeddable":true,"href":"https:\/\/acieloabierto.net\/de\/wp-json\/wp\/v2\/comments?post=13086"}],"wp:featuredmedia":[{"embeddable":true,"href":"https:\/\/acieloabierto.net\/de\/wp-json\/wp\/v2\/media\/13087"}],"wp:attachment":[{"href":"https:\/\/acieloabierto.net\/de\/wp-json\/wp\/v2\/media?parent=13086"}],"curies":[{"name":"wp","href":"https:\/\/api.w.org\/{rel}","templated":true}]}}