{"id":13053,"date":"2024-04-26T15:41:53","date_gmt":"2024-04-26T13:41:53","guid":{"rendered":"https:\/\/acieloabierto.net\/producten\/aqua-zone-minimo-dusche\/"},"modified":"2024-04-26T15:41:53","modified_gmt":"2024-04-26T13:41:53","slug":"aqua-zone-minimo-dusche","status":"publish","type":"product","link":"https:\/\/acieloabierto.net\/de\/produkte\/aqua-zone-minimo-dusche\/","title":{"rendered":"AQUA ZONE MINIMO DUSCHE"},"content":{"rendered":"<p><span style=\"font-weight: 400;\">Die Idee von KORTA war es, etwas mehr als eine Au\u00dfendusche zu schaffen: eine Skulptur mit den Eigenschaften einer Au\u00dfendusche. Das Einzigartige an MINIMO ist die Leidenschaft f\u00fcr Naturstein und Handwerkskunst. KORTA ist stolz darauf, das erste Unternehmen in der Geschichte zu sein, das Au\u00dfenduschen aus Naturstein herstellt, die komplett in der Fabrik als Serienprodukt montiert und in einem St\u00fcck an den Kunden geliefert werden.<\/span><\/p>\n","protected":false},"excerpt":{"rendered":"<p>Die Idee von KORTA war es, etwas mehr als eine Au\u00dfendusche zu schaffen: eine Skulptur mit den Eigenschaften einer Au\u00dfendusche. Das Einzigartige an MINIMO ist die Leidenschaft f\u00fcr Naturstein und Handwerkskunst. KORTA ist stolz darauf, das erste Unternehmen in der Geschichte zu sein, das Au\u00dfenduschen aus Naturstein herstellt, die komplett in der Fabrik als Serienprodukt [&hellip;]<\/p>\n","protected":false},"featured_media":13070,"comment_status":"open","ping_status":"closed","template":"","meta":{"wds_primary_pwb-brand":0,"wds_primary_product_cat":0},"brands":[{"id":630,"name":"KORTA","slug":"korta-de"}],"yoast_head":"<!-- This site is optimized with the Yoast SEO plugin v16.3 - https:\/\/yoast.com\/wordpress\/plugins\/seo\/ -->\n<title>AQUA ZONE MINIMO DUSCHE - Acielo Abierto<\/title>\n<meta name=\"description\" content=\"Marbella Au\u00dfendusche Design von KORTA erh\u00e4ltlich in Spanien bei A Cielo Abierto Gartenm\u00f6bel in Marbella, Estapona, Altea und Benissa.\" \/>\n<meta name=\"robots\" content=\"index, follow, max-snippet:-1, max-image-preview:large, max-video-preview:-1\" \/>\n<link rel=\"canonical\" href=\"https:\/\/acieloabierto.net\/de\/produkte\/aqua-zone-minimo-dusche\/\" \/>\n<meta property=\"og:locale\" content=\"de_DE\" \/>\n<meta property=\"og:type\" content=\"article\" \/>\n<meta property=\"og:title\" content=\"AQUA ZONE MINIMO DUSCHE - Acielo Abierto\" \/>\n<meta property=\"og:description\" content=\"Marbella Au\u00dfendusche Design von KORTA erh\u00e4ltlich in Spanien bei A Cielo Abierto Gartenm\u00f6bel in Marbella, Estapona, Altea und Benissa.\" \/>\n<meta property=\"og:url\" content=\"https:\/\/acieloabierto.net\/de\/produkte\/aqua-zone-minimo-dusche\/\" \/>\n<meta property=\"og:site_name\" content=\"Acielo Abierto\" \/>\n<meta property=\"og:image\" content=\"https:\/\/acieloabierto.net\/wp-content\/uploads\/2024\/04\/KM_14b_Post-2-2.jpg\" \/>\n\t<meta property=\"og:image:width\" content=\"1657\" \/>\n\t<meta property=\"og:image:height\" content=\"989\" \/>\n<meta name=\"twitter:card\" content=\"summary_large_image\" \/>\n<script type=\"application\/ld+json\" class=\"yoast-schema-graph\">{\"@context\":\"https:\/\/schema.org\",\"@graph\":[{\"@type\":\"Organization\",\"@id\":\"https:\/\/acieloabierto.net\/en\/#organization\",\"name\":\"A Cielo Abierto\",\"url\":\"https:\/\/acieloabierto.net\/en\/\",\"sameAs\":[],\"logo\":{\"@type\":\"ImageObject\",\"@id\":\"https:\/\/acieloabierto.net\/en\/#logo\",\"inLanguage\":\"de\",\"url\":\"https:\/\/acieloabierto.net\/wp-content\/uploads\/2021\/02\/logo.svg\",\"contentUrl\":\"https:\/\/acieloabierto.net\/wp-content\/uploads\/2021\/02\/logo.svg\",\"caption\":\"A Cielo Abierto\"},\"image\":{\"@id\":\"https:\/\/acieloabierto.net\/en\/#logo\"}},{\"@type\":\"WebSite\",\"@id\":\"https:\/\/acieloabierto.net\/en\/#website\",\"url\":\"https:\/\/acieloabierto.net\/en\/\",\"name\":\"Acielo Abierto\",\"description\":\"Tuinmeubels Costa Blanca\",\"publisher\":{\"@id\":\"https:\/\/acieloabierto.net\/en\/#organization\"},\"potentialAction\":[{\"@type\":\"SearchAction\",\"target\":\"https:\/\/acieloabierto.net\/en\/?s={search_term_string}\",\"query-input\":\"required name=search_term_string\"}],\"inLanguage\":\"de\"},{\"@type\":\"ImageObject\",\"@id\":\"https:\/\/acieloabierto.net\/de\/produkte\/aqua-zone-minimo-dusche\/#primaryimage\",\"inLanguage\":\"de\",\"url\":\"https:\/\/acieloabierto.net\/wp-content\/uploads\/2024\/04\/KM_14b_Post-2-2.jpg\",\"contentUrl\":\"https:\/\/acieloabierto.net\/wp-content\/uploads\/2024\/04\/KM_14b_Post-2-2.jpg\",\"width\":1657,\"height\":989},{\"@type\":\"WebPage\",\"@id\":\"https:\/\/acieloabierto.net\/de\/produkte\/aqua-zone-minimo-dusche\/#webpage\",\"url\":\"https:\/\/acieloabierto.net\/de\/produkte\/aqua-zone-minimo-dusche\/\",\"name\":\"AQUA ZONE MINIMO DUSCHE - Acielo Abierto\",\"isPartOf\":{\"@id\":\"https:\/\/acieloabierto.net\/en\/#website\"},\"primaryImageOfPage\":{\"@id\":\"https:\/\/acieloabierto.net\/de\/produkte\/aqua-zone-minimo-dusche\/#primaryimage\"},\"datePublished\":\"2024-04-26T13:41:53+00:00\",\"dateModified\":\"2024-04-26T13:41:53+00:00\",\"description\":\"Marbella Au\\u00dfendusche Design von KORTA erh\\u00e4ltlich in Spanien bei A Cielo Abierto Gartenm\\u00f6bel in Marbella, Estapona, Altea und Benissa.\",\"breadcrumb\":{\"@id\":\"https:\/\/acieloabierto.net\/de\/produkte\/aqua-zone-minimo-dusche\/#breadcrumb\"},\"inLanguage\":\"de\",\"potentialAction\":[{\"@type\":\"ReadAction\",\"target\":[\"https:\/\/acieloabierto.net\/de\/produkte\/aqua-zone-minimo-dusche\/\"]}]},{\"@type\":\"BreadcrumbList\",\"@id\":\"https:\/\/acieloabierto.net\/de\/produkte\/aqua-zone-minimo-dusche\/#breadcrumb\",\"itemListElement\":[{\"@type\":\"ListItem\",\"position\":1,\"item\":{\"@type\":\"WebPage\",\"@id\":\"https:\/\/acieloabierto.net\/\",\"url\":\"https:\/\/acieloabierto.net\/\",\"name\":\"Home\"}},{\"@type\":\"ListItem\",\"position\":2,\"item\":{\"@type\":\"WebPage\",\"@id\":\"\",\"url\":\"\",\"name\":\"\"}},{\"@type\":\"ListItem\",\"position\":3,\"item\":{\"@id\":\"https:\/\/acieloabierto.net\/de\/produkte\/aqua-zone-minimo-dusche\/#webpage\"}}]}]}<\/script>\n<!-- \/ Yoast SEO plugin. -->","_links":{"self":[{"href":"https:\/\/acieloabierto.net\/de\/wp-json\/wp\/v2\/product\/13053"}],"collection":[{"href":"https:\/\/acieloabierto.net\/de\/wp-json\/wp\/v2\/product"}],"about":[{"href":"https:\/\/acieloabierto.net\/de\/wp-json\/wp\/v2\/types\/product"}],"replies":[{"embeddable":true,"href":"https:\/\/acieloabierto.net\/de\/wp-json\/wp\/v2\/comments?post=13053"}],"wp:featuredmedia":[{"embeddable":true,"href":"https:\/\/acieloabierto.net\/de\/wp-json\/wp\/v2\/media\/13070"}],"wp:attachment":[{"href":"https:\/\/acieloabierto.net\/de\/wp-json\/wp\/v2\/media?parent=13053"}],"curies":[{"name":"wp","href":"https:\/\/api.w.org\/{rel}","templated":true}]}}