{"id":12994,"date":"2024-04-26T15:24:46","date_gmt":"2024-04-26T13:24:46","guid":{"rendered":"https:\/\/acieloabierto.net\/producten\/marbella-dusche\/"},"modified":"2024-04-26T15:24:46","modified_gmt":"2024-04-26T13:24:46","slug":"marbella-dusche","status":"publish","type":"product","link":"https:\/\/acieloabierto.net\/de\/produkte\/marbella-dusche\/","title":{"rendered":"AQUA ZONE MARBELLA DUSCHE"},"content":{"rendered":"<p><span style=\"font-weight: 400;\">Marbella ist eine freistehende Au\u00dfendusche, die sich durch klare Linien auszeichnet; minimalistisch im Designausdruck und zeitlos elegant als Element in einem Au\u00dfenbereich. Ideal f\u00fcr Poolumrandungen und B\u00e4der im Freien.<\/span><\/p>\n<p>&nbsp;<\/p>\n<p><span style=\"font-weight: 400;\">Handgefertigt aus Naturstein (erh\u00e4ltlich in zwei\/drei Ausf\u00fchrungen), dient sie symbolisch als Denkmal f\u00fcr die Natur. Er f\u00fcgt sich in die Landschaft ein, wird ein integraler Bestandteil von ihr und altert anmutig auf dem Weg der ewigen Transformation der Natur.<\/span><\/p>\n","protected":false},"excerpt":{"rendered":"<p>Marbella ist eine freistehende Au\u00dfendusche, die sich durch klare Linien auszeichnet; minimalistisch im Designausdruck und zeitlos elegant als Element in einem Au\u00dfenbereich. Ideal f\u00fcr Poolumrandungen und B\u00e4der im Freien. &nbsp; Handgefertigt aus Naturstein (erh\u00e4ltlich in zwei\/drei Ausf\u00fchrungen), dient sie symbolisch als Denkmal f\u00fcr die Natur. Er f\u00fcgt sich in die Landschaft ein, wird ein integraler [&hellip;]<\/p>\n","protected":false},"featured_media":13033,"comment_status":"open","ping_status":"closed","template":"","meta":{"wds_primary_pwb-brand":0,"wds_primary_product_cat":0},"brands":[{"id":630,"name":"KORTA","slug":"korta-de"}],"yoast_head":"<!-- This site is optimized with the Yoast SEO plugin v16.3 - https:\/\/yoast.com\/wordpress\/plugins\/seo\/ -->\n<title>AQUA ZONE MARBELLA DUSCHE - Acielo Abierto<\/title>\n<meta name=\"description\" content=\"Marbella buiten douchedesign van KORTA verkrijgbaar in Spanje bij A Cielo Abierto tuinmeubels in Marbella, Estapona, Altea en Benissa.\" \/>\n<meta name=\"robots\" content=\"index, follow, max-snippet:-1, max-image-preview:large, max-video-preview:-1\" \/>\n<link rel=\"canonical\" href=\"https:\/\/acieloabierto.net\/de\/produkte\/marbella-dusche\/\" \/>\n<meta property=\"og:locale\" content=\"de_DE\" \/>\n<meta property=\"og:type\" content=\"article\" \/>\n<meta property=\"og:title\" content=\"AQUA ZONE MARBELLA DUSCHE - Acielo Abierto\" \/>\n<meta property=\"og:description\" content=\"Marbella buiten douchedesign van KORTA verkrijgbaar in Spanje bij A Cielo Abierto tuinmeubels in Marbella, Estapona, Altea en Benissa.\" \/>\n<meta property=\"og:url\" content=\"https:\/\/acieloabierto.net\/de\/produkte\/marbella-dusche\/\" \/>\n<meta property=\"og:site_name\" content=\"Acielo Abierto\" \/>\n<meta property=\"og:image\" content=\"https:\/\/acieloabierto.net\/wp-content\/uploads\/2024\/04\/Grota-outdoor-shower-polished.jfif_.jpg\" \/>\n\t<meta property=\"og:image:width\" content=\"1056\" \/>\n\t<meta property=\"og:image:height\" content=\"703\" \/>\n<meta name=\"twitter:card\" content=\"summary_large_image\" \/>\n<script type=\"application\/ld+json\" class=\"yoast-schema-graph\">{\"@context\":\"https:\/\/schema.org\",\"@graph\":[{\"@type\":\"Organization\",\"@id\":\"https:\/\/acieloabierto.net\/en\/#organization\",\"name\":\"A Cielo Abierto\",\"url\":\"https:\/\/acieloabierto.net\/en\/\",\"sameAs\":[],\"logo\":{\"@type\":\"ImageObject\",\"@id\":\"https:\/\/acieloabierto.net\/en\/#logo\",\"inLanguage\":\"de\",\"url\":\"https:\/\/acieloabierto.net\/wp-content\/uploads\/2021\/02\/logo.svg\",\"contentUrl\":\"https:\/\/acieloabierto.net\/wp-content\/uploads\/2021\/02\/logo.svg\",\"caption\":\"A Cielo Abierto\"},\"image\":{\"@id\":\"https:\/\/acieloabierto.net\/en\/#logo\"}},{\"@type\":\"WebSite\",\"@id\":\"https:\/\/acieloabierto.net\/en\/#website\",\"url\":\"https:\/\/acieloabierto.net\/en\/\",\"name\":\"Acielo Abierto\",\"description\":\"Tuinmeubels Costa Blanca\",\"publisher\":{\"@id\":\"https:\/\/acieloabierto.net\/en\/#organization\"},\"potentialAction\":[{\"@type\":\"SearchAction\",\"target\":\"https:\/\/acieloabierto.net\/en\/?s={search_term_string}\",\"query-input\":\"required name=search_term_string\"}],\"inLanguage\":\"de\"},{\"@type\":\"ImageObject\",\"@id\":\"https:\/\/acieloabierto.net\/de\/produkte\/marbella-dusche\/#primaryimage\",\"inLanguage\":\"de\",\"url\":\"https:\/\/acieloabierto.net\/wp-content\/uploads\/2024\/04\/Grota-outdoor-shower-polished.jfif_.jpg\",\"contentUrl\":\"https:\/\/acieloabierto.net\/wp-content\/uploads\/2024\/04\/Grota-outdoor-shower-polished.jfif_.jpg\",\"width\":1056,\"height\":703},{\"@type\":\"WebPage\",\"@id\":\"https:\/\/acieloabierto.net\/de\/produkte\/marbella-dusche\/#webpage\",\"url\":\"https:\/\/acieloabierto.net\/de\/produkte\/marbella-dusche\/\",\"name\":\"AQUA ZONE MARBELLA DUSCHE - Acielo Abierto\",\"isPartOf\":{\"@id\":\"https:\/\/acieloabierto.net\/en\/#website\"},\"primaryImageOfPage\":{\"@id\":\"https:\/\/acieloabierto.net\/de\/produkte\/marbella-dusche\/#primaryimage\"},\"datePublished\":\"2024-04-26T13:24:46+00:00\",\"dateModified\":\"2024-04-26T13:24:46+00:00\",\"description\":\"Marbella buiten douchedesign van KORTA verkrijgbaar in Spanje bij A Cielo Abierto tuinmeubels in Marbella, Estapona, Altea en Benissa.\",\"breadcrumb\":{\"@id\":\"https:\/\/acieloabierto.net\/de\/produkte\/marbella-dusche\/#breadcrumb\"},\"inLanguage\":\"de\",\"potentialAction\":[{\"@type\":\"ReadAction\",\"target\":[\"https:\/\/acieloabierto.net\/de\/produkte\/marbella-dusche\/\"]}]},{\"@type\":\"BreadcrumbList\",\"@id\":\"https:\/\/acieloabierto.net\/de\/produkte\/marbella-dusche\/#breadcrumb\",\"itemListElement\":[{\"@type\":\"ListItem\",\"position\":1,\"item\":{\"@type\":\"WebPage\",\"@id\":\"https:\/\/acieloabierto.net\/\",\"url\":\"https:\/\/acieloabierto.net\/\",\"name\":\"Home\"}},{\"@type\":\"ListItem\",\"position\":2,\"item\":{\"@type\":\"WebPage\",\"@id\":\"\",\"url\":\"\",\"name\":\"\"}},{\"@type\":\"ListItem\",\"position\":3,\"item\":{\"@id\":\"https:\/\/acieloabierto.net\/de\/produkte\/marbella-dusche\/#webpage\"}}]}]}<\/script>\n<!-- \/ Yoast SEO plugin. -->","_links":{"self":[{"href":"https:\/\/acieloabierto.net\/de\/wp-json\/wp\/v2\/product\/12994"}],"collection":[{"href":"https:\/\/acieloabierto.net\/de\/wp-json\/wp\/v2\/product"}],"about":[{"href":"https:\/\/acieloabierto.net\/de\/wp-json\/wp\/v2\/types\/product"}],"replies":[{"embeddable":true,"href":"https:\/\/acieloabierto.net\/de\/wp-json\/wp\/v2\/comments?post=12994"}],"wp:featuredmedia":[{"embeddable":true,"href":"https:\/\/acieloabierto.net\/de\/wp-json\/wp\/v2\/media\/13033"}],"wp:attachment":[{"href":"https:\/\/acieloabierto.net\/de\/wp-json\/wp\/v2\/media?parent=12994"}],"curies":[{"name":"wp","href":"https:\/\/api.w.org\/{rel}","templated":true}]}}